{"id":1128,"date":"2022-04-05T12:19:50","date_gmt":"2022-04-05T12:19:50","guid":{"rendered":"https:\/\/www.im-graben.ch\/web\/?page_id=1128"},"modified":"2026-04-21T14:27:11","modified_gmt":"2026-04-21T14:27:11","slug":"konzerte","status":"publish","type":"page","link":"https:\/\/www.im-graben.ch\/de\/","title":{"rendered":"Home"},"content":{"rendered":"<p>[et_pb_section fb_built=&#8220;1&#8243; admin_label=&#8220;Sektion Oben&#8220; _builder_version=&#8220;4.16&#8243; collapsed=&#8220;off&#8220; global_colors_info=&#8220;{}&#8220;][et_pb_row admin_label=&#8220;Titel-Zeile&#8220; _builder_version=&#8220;4.16&#8243; background_size=&#8220;initial&#8220; background_position=&#8220;top_left&#8220; background_repeat=&#8220;repeat&#8220; collapsed=&#8220;off&#8220; global_colors_info=&#8220;{}&#8220;][et_pb_column type=&#8220;4_4&#8243; _builder_version=&#8220;4.16&#8243; custom_padding=&#8220;|||&#8220; global_colors_info=&#8220;{}&#8220; custom_padding__hover=&#8220;|||&#8220;][et_pb_image src=&#8220;https:\/\/www.im-graben.ch\/de\/wp-content\/uploads\/2025\/05\/Impressionen-2024.gif&#8220; title_text=&#8220;GiG-Impressionen 2024&#8243; align=&#8220;center&#8220; _builder_version=&#8220;4.27.4&#8243; _module_preset=&#8220;default&#8220; width=&#8220;100%&#8220; global_colors_info=&#8220;{}&#8220;][\/et_pb_image][et_pb_text admin_label=&#8220;Titel&#8220; _builder_version=&#8220;4.27.4&#8243; global_colors_info=&#8220;{}&#8220;]<\/p>\n<h1 style=\"text-align: center;\">Auf ein Neues im Fr\u00fchling 2026!<\/h1>\n<h2 style=\"text-align: center;\">&nbsp;<\/h2>\n<p>[\/et_pb_text][\/et_pb_column][\/et_pb_row][et_pb_row admin_label=&#8220;Intro-Text&#8220; _builder_version=&#8220;4.27.4&#8243; _module_preset=&#8220;default&#8220; custom_padding=&#8220;|||0px||&#8220; collapsed=&#8220;off&#8220; global_colors_info=&#8220;{}&#8220;][et_pb_column type=&#8220;4_4&#8243; _builder_version=&#8220;4.16&#8243; _module_preset=&#8220;default&#8220; global_colors_info=&#8220;{}&#8220;][et_pb_text disabled_on=&#8220;off|off|off&#8220; _builder_version=&#8220;4.27.4&#8243; _module_preset=&#8220;default&#8220; custom_padding=&#8220;7px|||||&#8220; global_colors_info=&#8220;{}&#8220;]<\/p>\n<p>Liebe Musikfreundinnen und Musikfreunde<\/p>\n<p>&#8222;Wir sind nat\u00fcrlich mitten in der Planung f\u00fcr die Konzerte 2026.&#8220; Das haben wir zum Ende der letzten Saison an dieser Stelle geschrieben. Diese Planung ist nun abgeschlossen, die letzte Auftrittsbest\u00e4tigung verschickt. Mal sehen, was wir f\u00fcr euch an lokalen, regionalen und nationalen Acts so zusammengek\u00f6chelt haben:<\/p>\n<p>Mittwoch, 3. Juni &#8211; <strong>Nilsa &amp; Band<\/strong> &#8211; African Funk-Pop aus Mo\u00e7ambique<br \/>Freitag, 5. Juni &#8211; <strong>Croak<\/strong> &#8211; Country &amp; Southern Rock aus dem Z\u00fcri-Oberland<br \/>Freitag, 19. Juni &#8211; <strong>Frethike<\/strong> &#8211; Blues\/Blues Rock mit Oltner Beteiligung<br \/>Samstag, 20. Juni &#8211; <strong>Rich Man&#8217;s Kitchen Orchestra<\/strong> &#8211; Calypso und eine Prise Ska<br \/>Freitag, 3. Juli &#8211; <strong>Steve Hophead<\/strong> &#8211; Blues, Rock, Bluesrock aus dem Frutigtal<br \/>Freitag, 14. August &#8211; <strong>Lariba<\/strong> &#8211; Leidenschaft auf Lateinamerika<br \/>Samstag, 15. August &#8211; <strong>Ellis Mano Band<\/strong> &#8211; DIE angesagten Classic Rocker<br \/>Samstag, 29. August &#8211; <strong>The B-Shakers<\/strong> &#8211; Rockabilly aus dem 50ern<\/p>\n<p>Die Details schalten wir &#8222;nahdisnah&#8220; hier auf.\u00a0\u00a0<\/p>\n<p>Herzlich<br \/>Andreas, Armando, Housi, Kim, Klaus, Nicole und Nick<\/p>\n<p>&nbsp;<\/p>\n<p>PS:<br \/>Ihr k\u00f6nnt unseren <a href=\"https:\/\/www.im-graben.ch\/de\/newsletter\/\"><strong>Newsletter abonnieren<\/strong><\/a>. Dann verpasst ihr auch 2026 rein gar nichts.<em><br \/><\/em><em><\/em><\/p>\n<p>[\/et_pb_text][et_pb_divider _builder_version=&#8220;4.24.3&#8243; global_colors_info=&#8220;{}&#8220;][\/et_pb_divider][\/et_pb_column][\/et_pb_row][et_pb_row column_structure=&#8220;1_3,1_3,1_3&#8243; disabled_on=&#8220;on|on|on&#8220; admin_label=&#8220;N\u00e4chste Konzerte&#8220; module_class=&#8220;flatterBox&#8220; _builder_version=&#8220;4.27.4&#8243; background_color=&#8220;#C0416F&#8220; min_height=&#8220;400px&#8220; custom_margin=&#8220;||||false|false&#8220; custom_padding=&#8220;0px|4px|0px|4px|false|false&#8220; border_color_all=&#8220;#C0416F&#8220; border_width_top=&#8220;6px&#8220; border_width_bottom=&#8220;2px&#8220; border_color_bottom=&#8220;#FFFFFF&#8220; disabled=&#8220;on&#8220; collapsed=&#8220;off&#8220; global_colors_info=&#8220;{}&#8220;][et_pb_column type=&#8220;1_3&#8243; _builder_version=&#8220;4.16&#8243; custom_padding=&#8220;|||&#8220; global_colors_info=&#8220;{}&#8220; custom_padding__hover=&#8220;|||&#8220;][\/et_pb_column][et_pb_column type=&#8220;1_3&#8243; _builder_version=&#8220;4.16&#8243; custom_padding=&#8220;|||&#8220; global_colors_info=&#8220;{}&#8220; custom_padding__hover=&#8220;|||&#8220;][\/et_pb_column][et_pb_column type=&#8220;1_3&#8243; _builder_version=&#8220;4.16&#8243; custom_padding=&#8220;|||&#8220; global_colors_info=&#8220;{}&#8220; custom_padding__hover=&#8220;|||&#8220;][\/et_pb_column][\/et_pb_row][\/et_pb_section][et_pb_section fb_built=&#8220;1&#8243; admin_label=&#8220;Sponsoren&#8220; _builder_version=&#8220;4.16&#8243; collapsed=&#8220;off&#8220; global_colors_info=&#8220;{}&#8220;][et_pb_row _builder_version=&#8220;4.16&#8243; background_size=&#8220;initial&#8220; background_position=&#8220;top_left&#8220; background_repeat=&#8220;repeat&#8220; collapsed=&#8220;off&#8220; global_colors_info=&#8220;{}&#8220;][et_pb_column type=&#8220;4_4&#8243; _builder_version=&#8220;4.16&#8243; custom_padding=&#8220;|||&#8220; global_colors_info=&#8220;{}&#8220; custom_padding__hover=&#8220;|||&#8220;][et_pb_divider _builder_version=&#8220;4.16&#8243; global_colors_info=&#8220;{}&#8220;][\/et_pb_divider][et_pb_text admin_label=&#8220;Text Sponsoren&#8220; _builder_version=&#8220;4.16&#8243; global_colors_info=&#8220;{}&#8220;]<\/p>\n<h1 style=\"text-align: center;\">Sponsoren<\/h1>\n<p style=\"text-align: center;\">Herzlichen Dank an unsere Unterst\u00fctzerinnen und Unterst\u00fctzer!<\/p>\n<p>[\/et_pb_text][\/et_pb_column][\/et_pb_row][et_pb_row column_structure=&#8220;1_4,1_4,1_4,1_4&#8243; _builder_version=&#8220;4.27.6&#8243; background_size=&#8220;initial&#8220; background_position=&#8220;top_left&#8220; background_repeat=&#8220;repeat&#8220; hover_enabled=&#8220;0&#8243; collapsed=&#8220;off&#8220; global_colors_info=&#8220;{}&#8220; sticky_enabled=&#8220;0&#8243;][et_pb_column type=&#8220;1_4&#8243; _builder_version=&#8220;4.16&#8243; custom_padding=&#8220;|||&#8220; global_colors_info=&#8220;{}&#8220; custom_padding__hover=&#8220;|||&#8220;][et_pb_image src=&#8220;https:\/\/www.im-graben.ch\/de\/wp-content\/uploads\/2019\/05\/Logo_Cafe_Grogg.svg&#8220; url=&#8220;https:\/\/cafegrogg.ch\/&#8220; url_new_window=&#8220;on&#8220; align_tablet=&#8220;&#8220; align_phone=&#8220;&#8220; align_last_edited=&#8220;on|desktop&#8220; admin_label=&#8220;Grogg&#8220; _builder_version=&#8220;4.27.6&#8243; custom_padding=&#8220;||||false|false&#8220; hover_enabled=&#8220;0&#8243; global_colors_info=&#8220;{}&#8220; align=&#8220;center&#8220; sticky_enabled=&#8220;0&#8243;][\/et_pb_image][\/et_pb_column][et_pb_column type=&#8220;1_4&#8243; _builder_version=&#8220;4.16&#8243; custom_padding=&#8220;|||&#8220; global_colors_info=&#8220;{}&#8220; custom_padding__hover=&#8220;|||&#8220;][et_pb_image src=&#8220;https:\/\/www.im-graben.ch\/de\/wp-content\/uploads\/2019\/05\/Logo_ask.svg&#8220; url=&#8220;http:\/\/www.ask-olten.ch\/&#8220; url_new_window=&#8220;on&#8220; align_tablet=&#8220;center&#8220; align_phone=&#8220;&#8220; align_last_edited=&#8220;on|desktop&#8220; admin_label=&#8220;ask&#8220; _builder_version=&#8220;4.16&#8243; hover_enabled=&#8220;0&#8243; global_colors_info=&#8220;{}&#8220; sticky_enabled=&#8220;0&#8243;][\/et_pb_image][\/et_pb_column][et_pb_column type=&#8220;1_4&#8243; _builder_version=&#8220;4.16&#8243; custom_padding=&#8220;|||&#8220; global_colors_info=&#8220;{}&#8220; custom_padding__hover=&#8220;|||&#8220;][et_pb_image src=&#8220;https:\/\/www.im-graben.ch\/de\/wp-content\/uploads\/2019\/05\/Logo_Trotter.svg&#8220; url=&#8220;http:\/\/www.trotter.ch\/&#8220; url_new_window=&#8220;on&#8220; align_tablet=&#8220;center&#8220; align_phone=&#8220;&#8220; align_last_edited=&#8220;on|desktop&#8220; admin_label=&#8220;Trotter&#8220; _builder_version=&#8220;4.16&#8243; hover_enabled=&#8220;0&#8243; global_colors_info=&#8220;{}&#8220; sticky_enabled=&#8220;0&#8243;][\/et_pb_image][\/et_pb_column][et_pb_column type=&#8220;1_4&#8243; _builder_version=&#8220;4.16&#8243; custom_padding=&#8220;|||&#8220; global_colors_info=&#8220;{}&#8220; custom_padding__hover=&#8220;|||&#8220;][et_pb_image src=&#8220;https:\/\/www.im-graben.ch\/de\/wp-content\/uploads\/2019\/05\/Logo_chili_sml.svg&#8220; title_text=&#8220;Logo chilimedia&#8220; url=&#8220;https:\/\/www.chilimedia.ch\/&#8220; url_new_window=&#8220;on&#8220; align=&#8220;right&#8220; align_tablet=&#8220;center&#8220; align_phone=&#8220;&#8220; align_last_edited=&#8220;on|desktop&#8220; admin_label=&#8220;chilimedia&#8220; _builder_version=&#8220;4.27.6&#8243; custom_padding=&#8220;||||false|false&#8220; hover_enabled=&#8220;0&#8243; global_colors_info=&#8220;{}&#8220; sticky_enabled=&#8220;0&#8243;][\/et_pb_image][\/et_pb_column][\/et_pb_row][et_pb_row column_structure=&#8220;1_4,1_4,1_4,1_4&#8243; _builder_version=&#8220;4.16&#8243; background_size=&#8220;initial&#8220; background_position=&#8220;top_left&#8220; background_repeat=&#8220;repeat&#8220; global_colors_info=&#8220;{}&#8220;][et_pb_column type=&#8220;1_4&#8243; _builder_version=&#8220;4.16&#8243; custom_padding=&#8220;|||&#8220; global_colors_info=&#8220;{}&#8220; custom_padding__hover=&#8220;|||&#8220;][et_pb_image src=&#8220;https:\/\/www.im-graben.ch\/de\/wp-content\/uploads\/2024\/04\/AutoSchmidlin.svg&#8220; title_text=&#8220;Auto Schmidlin&#8220; url=&#8220;https:\/\/www.autoschmidlin.ch\/&#8220; url_new_window=&#8220;on&#8220; align_tablet=&#8220;center&#8220; align_phone=&#8220;&#8220; align_last_edited=&#8220;on|desktop&#8220; admin_label=&#8220;Auto Schmidlin&#8220; _builder_version=&#8220;4.24.3&#8243; global_colors_info=&#8220;{}&#8220;][\/et_pb_image][\/et_pb_column][et_pb_column type=&#8220;1_4&#8243; _builder_version=&#8220;4.16&#8243; custom_padding=&#8220;|||&#8220; global_colors_info=&#8220;{}&#8220; custom_padding__hover=&#8220;|||&#8220;][et_pb_image src=&#8220;https:\/\/www.im-graben.ch\/de\/wp-content\/uploads\/2019\/05\/Logo_a-en-Aare-Energie-AG.svg&#8220; url=&#8220;https:\/\/www.aen.ch\/&#8220; url_new_window=&#8220;on&#8220; align_tablet=&#8220;center&#8220; align_phone=&#8220;&#8220; align_last_edited=&#8220;on|desktop&#8220; admin_label=&#8220;aen&#8220; _builder_version=&#8220;4.16&#8243; global_colors_info=&#8220;{}&#8220;][\/et_pb_image][\/et_pb_column][et_pb_column type=&#8220;1_4&#8243; _builder_version=&#8220;4.16&#8243; custom_padding=&#8220;|||&#8220; global_colors_info=&#8220;{}&#8220; custom_padding__hover=&#8220;|||&#8220;][et_pb_image src=&#8220;https:\/\/www.im-graben.ch\/de\/wp-content\/uploads\/2019\/05\/Logo_AKB.svg&#8220; url=&#8220;https:\/\/www.akb.ch\/&#8220; url_new_window=&#8220;on&#8220; align_tablet=&#8220;center&#8220; align_phone=&#8220;&#8220; align_last_edited=&#8220;on|desktop&#8220; admin_label=&#8220;AKB&#8220; _builder_version=&#8220;4.16&#8243; global_colors_info=&#8220;{}&#8220;][\/et_pb_image][\/et_pb_column][et_pb_column type=&#8220;1_4&#8243; _builder_version=&#8220;4.16&#8243; custom_padding=&#8220;|||&#8220; global_colors_info=&#8220;{}&#8220; custom_padding__hover=&#8220;|||&#8220;][et_pb_image src=&#8220;https:\/\/www.im-graben.ch\/de\/wp-content\/uploads\/2024\/04\/hans-rawyler-br-advisory-services.jpg&#8220; title_text=&#8220;hans rawyler br-advisory services&#8220; url=&#8220;\/br-advisory.html&#8220; url_new_window=&#8220;on&#8220; align=&#8220;center&#8220; align_tablet=&#8220;center&#8220; align_phone=&#8220;&#8220; align_last_edited=&#8220;on|desktop&#8220; admin_label=&#8220;Hans Rawyler&#8220; _builder_version=&#8220;4.24.3&#8243; width=&#8220;70%&#8220; max_width=&#8220;70%&#8220; global_colors_info=&#8220;{}&#8220;][\/et_pb_image][\/et_pb_column][\/et_pb_row][et_pb_row column_structure=&#8220;1_4,1_4,1_4,1_4&#8243; _builder_version=&#8220;4.16&#8243; background_size=&#8220;initial&#8220; background_position=&#8220;top_left&#8220; background_repeat=&#8220;repeat&#8220; global_colors_info=&#8220;{}&#8220;][et_pb_column type=&#8220;1_4&#8243; _builder_version=&#8220;4.16&#8243; custom_padding=&#8220;|||&#8220; global_colors_info=&#8220;{}&#8220; custom_padding__hover=&#8220;|||&#8220;][et_pb_image _builder_version=&#8220;4.27.6&#8243; _module_preset=&#8220;default&#8220; alt=&#8220;Fusspraxis Tellenbach&#8220; title_text=&#8220;Fusspraxis Tellenbach&#8220; src=&#8220;https:\/\/www.im-graben.ch\/de\/wp-content\/uploads\/2026\/04\/Logo_Tellenbach.svg&#8220; url=&#8220;https:\/\/www.fusspraxis-tellenbach.ch\/&#8220; url_new_window=&#8220;on&#8220; hover_enabled=&#8220;0&#8243; sticky_enabled=&#8220;0&#8243; admin_label=&#8220;Tellenbach&#8220;][\/et_pb_image][\/et_pb_column][et_pb_column type=&#8220;1_4&#8243; _builder_version=&#8220;4.16&#8243; custom_padding=&#8220;|||&#8220; global_colors_info=&#8220;{}&#8220; custom_padding__hover=&#8220;|||&#8220;][et_pb_image src=&#8220;https:\/\/www.im-graben.ch\/de\/wp-content\/uploads\/2024\/05\/logo_biri_bikes-obergoesgen.jpg&#8220; title_text=&#8220;logo_biri_bikes obergo\u0308sgen&#8220; url=&#8220;https:\/\/biri-bikes.ch\/&#8220; url_new_window=&#8220;on&#8220; admin_label=&#8220;Biri Bikes&#8220; _builder_version=&#8220;4.24.3&#8243; global_colors_info=&#8220;{}&#8220;][\/et_pb_image][\/et_pb_column][et_pb_column type=&#8220;1_4&#8243; _builder_version=&#8220;4.16&#8243; custom_padding=&#8220;|||&#8220; global_colors_info=&#8220;{}&#8220; custom_padding__hover=&#8220;|||&#8220;][et_pb_image src=&#8220;https:\/\/www.im-graben.ch\/de\/wp-content\/uploads\/2020\/04\/Logo_Gewerbe-Olten-2020.svg&#8220; url=&#8220;https:\/\/gewerbeolten.ch\/&#8220; url_new_window=&#8220;on&#8220; align_tablet=&#8220;center&#8220; align_phone=&#8220;&#8220; align_last_edited=&#8220;on|desktop&#8220; admin_label=&#8220;Gewerbe Olten&#8220; _builder_version=&#8220;4.24.3&#8243; global_colors_info=&#8220;{}&#8220;][\/et_pb_image][\/et_pb_column][et_pb_column type=&#8220;1_4&#8243; _builder_version=&#8220;4.16&#8243; custom_padding=&#8220;|||&#8220; global_colors_info=&#8220;{}&#8220; custom_padding__hover=&#8220;|||&#8220;][et_pb_image src=&#8220;https:\/\/www.im-graben.ch\/de\/wp-content\/uploads\/2023\/06\/Swisslos_Fonds.svg&#8220; title_text=&#8220;Swisslos Fonds&#8220; url=&#8220;https:\/\/www.sokultur.ch\/&#8220; url_new_window=&#8220;on&#8220; align_tablet=&#8220;center&#8220; align_phone=&#8220;&#8220; align_last_edited=&#8220;on|desktop&#8220; admin_label=&#8220;SO Kultur&#8220; _builder_version=&#8220;4.19.5&#8243; global_colors_info=&#8220;{}&#8220;][\/et_pb_image][\/et_pb_column][\/et_pb_row][et_pb_row column_structure=&#8220;1_4,1_4,1_4,1_4&#8243; _builder_version=&#8220;4.16&#8243; background_size=&#8220;initial&#8220; background_position=&#8220;top_left&#8220; background_repeat=&#8220;repeat&#8220; global_colors_info=&#8220;{}&#8220;][et_pb_column type=&#8220;1_4&#8243; _builder_version=&#8220;4.16&#8243; custom_padding=&#8220;|||&#8220; global_colors_info=&#8220;{}&#8220; custom_padding__hover=&#8220;|||&#8220;][et_pb_image src=&#8220;https:\/\/www.im-graben.ch\/de\/wp-content\/uploads\/2022\/03\/SA_Logo-Claim.svg&#8220; title_text=&#8220;Sch\u00e4ren Aktivtherapie&#8220; url=&#8220;https:\/\/aktivtherapie.ch\/&#8220; url_new_window=&#8220;on&#8220; align_tablet=&#8220;center&#8220; align_phone=&#8220;&#8220; align_last_edited=&#8220;on|desktop&#8220; admin_label=&#8220;Sch\u00e4ren&#8220; _builder_version=&#8220;4.16&#8243; global_colors_info=&#8220;{}&#8220;][\/et_pb_image][\/et_pb_column][et_pb_column type=&#8220;1_4&#8243; _builder_version=&#8220;4.16&#8243; custom_padding=&#8220;|||&#8220; global_colors_info=&#8220;{}&#8220; custom_padding__hover=&#8220;|||&#8220;][et_pb_image src=&#8220;https:\/\/www.im-graben.ch\/de\/wp-content\/uploads\/2023\/04\/Berger.svg&#8220; title_text=&#8220;Berger Gem\u00fcse&#8220; url=&#8220;https:\/\/www.berger-gemuese.ch\/&#8220; url_new_window=&#8220;on&#8220; align_tablet=&#8220;center&#8220; align_phone=&#8220;&#8220; align_last_edited=&#8220;on|desktop&#8220; admin_label=&#8220;Berger Gem\u00fcse&#8220; _builder_version=&#8220;4.19.5&#8243; global_colors_info=&#8220;{}&#8220;][\/et_pb_image][\/et_pb_column][et_pb_column type=&#8220;1_4&#8243; _builder_version=&#8220;4.16&#8243; custom_padding=&#8220;|||&#8220; global_colors_info=&#8220;{}&#8220; custom_padding__hover=&#8220;|||&#8220;][et_pb_image src=&#8220;https:\/\/www.im-graben.ch\/de\/wp-content\/uploads\/2024\/05\/amex-sanivar_logo.jpg&#8220; title_text=&#8220;Amex Sanivar&#8220; url=&#8220;https:\/\/www.amex-sanivar.com\/&#8220; url_new_window=&#8220;on&#8220; admin_label=&#8220;Amex&#8220; _builder_version=&#8220;4.24.3&#8243; global_colors_info=&#8220;{}&#8220;][\/et_pb_image][\/et_pb_column][et_pb_column type=&#8220;1_4&#8243; _builder_version=&#8220;4.16&#8243; custom_padding=&#8220;|||&#8220; global_colors_info=&#8220;{}&#8220; custom_padding__hover=&#8220;|||&#8220;][et_pb_image src=&#8220;https:\/\/www.im-graben.ch\/de\/wp-content\/uploads\/2020\/04\/Logo_Mobiliar_Olten.svg&#8220; url=&#8220;https:\/\/www.mobiliar.ch\/olten&#8220; url_new_window=&#8220;on&#8220; align_tablet=&#8220;center&#8220; align_phone=&#8220;&#8220; align_last_edited=&#8220;on|desktop&#8220; admin_label=&#8220;Mobi&#8220; _builder_version=&#8220;4.16&#8243; global_colors_info=&#8220;{}&#8220;][\/et_pb_image][\/et_pb_column][\/et_pb_row][et_pb_row column_structure=&#8220;1_4,1_4,1_4,1_4&#8243; _builder_version=&#8220;4.16&#8243; background_size=&#8220;initial&#8220; background_position=&#8220;top_left&#8220; background_repeat=&#8220;repeat&#8220; global_colors_info=&#8220;{}&#8220;][et_pb_column type=&#8220;1_4&#8243; _builder_version=&#8220;4.16&#8243; custom_padding=&#8220;|||&#8220; global_colors_info=&#8220;{}&#8220; custom_padding__hover=&#8220;|||&#8220;][et_pb_image src=&#8220;https:\/\/www.im-graben.ch\/de\/wp-content\/uploads\/2024\/05\/Integral-Baumanagement.svg&#8220; title_text=&#8220;Integral Baumanagement&#8220; url=&#8220;https:\/\/www.integral-ag.ch\/&#8220; url_new_window=&#8220;on&#8220; align_tablet=&#8220;center&#8220; align_phone=&#8220;&#8220; align_last_edited=&#8220;on|desktop&#8220; admin_label=&#8220;Integral&#8220; _builder_version=&#8220;4.24.3&#8243; custom_padding=&#8220;20px||||false|false&#8220; global_colors_info=&#8220;{}&#8220;][\/et_pb_image][\/et_pb_column][et_pb_column type=&#8220;1_4&#8243; _builder_version=&#8220;4.16&#8243; custom_padding=&#8220;|||&#8220; global_colors_info=&#8220;{}&#8220; custom_padding__hover=&#8220;|||&#8220;][et_pb_image src=&#8220;https:\/\/www.im-graben.ch\/de\/wp-content\/uploads\/2024\/05\/kaeser.svg&#8220; title_text=&#8220;K\u00e4ser AG&#8220; url=&#8220;https:\/\/kaeser-elektro.ch\/&#8220; url_new_window=&#8220;on&#8220; align_tablet=&#8220;center&#8220; align_phone=&#8220;&#8220; align_last_edited=&#8220;on|desktop&#8220; admin_label=&#8220;K\u00e4ser&#8220; _builder_version=&#8220;4.24.3&#8243; global_colors_info=&#8220;{}&#8220;][\/et_pb_image][\/et_pb_column][et_pb_column type=&#8220;1_4&#8243; _builder_version=&#8220;4.16&#8243; custom_padding=&#8220;|||&#8220; global_colors_info=&#8220;{}&#8220; custom_padding__hover=&#8220;|||&#8220;][et_pb_image src=&#8220;https:\/\/www.im-graben.ch\/de\/wp-content\/uploads\/2024\/04\/gerstl.svg&#8220; title_text=&#8220;Gerstl Weinselektionen&#8220; url=&#8220;https:\/\/www.gerstl.ch\/&#8220; url_new_window=&#8220;on&#8220; align_tablet=&#8220;center&#8220; align_phone=&#8220;&#8220; align_last_edited=&#8220;on|desktop&#8220; admin_label=&#8220;Gerstl&#8220; _builder_version=&#8220;4.24.3&#8243; global_colors_info=&#8220;{}&#8220;][\/et_pb_image][\/et_pb_column][et_pb_column type=&#8220;1_4&#8243; _builder_version=&#8220;4.16&#8243; custom_padding=&#8220;|||&#8220; global_colors_info=&#8220;{}&#8220; custom_padding__hover=&#8220;|||&#8220;][et_pb_image src=&#8220;https:\/\/www.im-graben.ch\/de\/wp-content\/uploads\/2019\/05\/Logo_CopyRecher.svg&#8220; url=&#8220;https:\/\/copyrecher.ch\/&#8220; url_new_window=&#8220;on&#8220; align_tablet=&#8220;center&#8220; align_phone=&#8220;&#8220; align_last_edited=&#8220;on|desktop&#8220; admin_label=&#8220;Recher&#8220; _builder_version=&#8220;4.16&#8243; global_colors_info=&#8220;{}&#8220;][\/et_pb_image][\/et_pb_column][\/et_pb_row][\/et_pb_section][et_pb_section fb_built=&#8220;1&#8243; admin_label=&#8220;Unten&#8220; _builder_version=&#8220;4.27.4&#8243; collapsed=&#8220;off&#8220; global_colors_info=&#8220;{}&#8220;][et_pb_row _builder_version=&#8220;4.25.2&#8243; global_colors_info=&#8220;{}&#8220;][et_pb_column type=&#8220;4_4&#8243; _builder_version=&#8220;4.16&#8243; global_colors_info=&#8220;{}&#8220;][et_pb_divider _builder_version=&#8220;4.16&#8243; global_colors_info=&#8220;{}&#8220;][\/et_pb_divider][et_pb_text admin_label=&#8220;Text Technikpartner&#8220; _builder_version=&#8220;4.25.2&#8243; custom_padding=&#8220;2px|||||&#8220; global_colors_info=&#8220;{}&#8220;]<\/p>\n<h3 style=\"text-align: center;\">Unser Technikpartner<\/h3>\n<p style=\"text-align: center;\">\u00a0Sound Garden, Markus Zulliger, Langenthal<\/p>\n<p>[\/et_pb_text][et_pb_image src=&#8220;https:\/\/www.im-graben.ch\/de\/wp-content\/uploads\/2024\/07\/Soundgarden_Logo.png&#8220; title_text=&#8220;Soundgarden&#8220; url_new_window=&#8220;on&#8220; align=&#8220;center&#8220; admin_label=&#8220;Logo Technikpartner &#8220; _builder_version=&#8220;4.25.2&#8243; _module_preset=&#8220;default&#8220; max_width=&#8220;170px&#8220; global_colors_info=&#8220;{}&#8220;][\/et_pb_image][et_pb_divider _builder_version=&#8220;4.16&#8243; global_colors_info=&#8220;{}&#8220;][\/et_pb_divider][\/et_pb_column][\/et_pb_row][\/et_pb_section]<\/p>\n","protected":false},"excerpt":{"rendered":"<p>Auf ein Neues im Fr\u00fchling 2026! &nbsp;Liebe Musikfreundinnen und Musikfreunde &#8222;Wir sind nat\u00fcrlich mitten in der Planung f\u00fcr die Konzerte 2026.&#8220; Das haben wir zum Ende der letzten Saison an dieser Stelle geschrieben. Diese Planung ist nun abgeschlossen, die letzte Auftrittsbest\u00e4tigung verschickt. Mal sehen, was wir f\u00fcr euch an lokalen, regionalen und nationalen Acts so [&hellip;]<\/p>\n","protected":false},"author":1,"featured_media":3180,"parent":0,"menu_order":0,"comment_status":"closed","ping_status":"closed","template":"","meta":{"_et_pb_use_builder":"on","_et_pb_old_content":"","_et_gb_content_width":"","footnotes":""},"class_list":["post-1128","page","type-page","status-publish","has-post-thumbnail","hentry"],"_links":{"self":[{"href":"https:\/\/www.im-graben.ch\/de\/wp-json\/wp\/v2\/pages\/1128","targetHints":{"allow":["GET"]}}],"collection":[{"href":"https:\/\/www.im-graben.ch\/de\/wp-json\/wp\/v2\/pages"}],"about":[{"href":"https:\/\/www.im-graben.ch\/de\/wp-json\/wp\/v2\/types\/page"}],"author":[{"embeddable":true,"href":"https:\/\/www.im-graben.ch\/de\/wp-json\/wp\/v2\/users\/1"}],"replies":[{"embeddable":true,"href":"https:\/\/www.im-graben.ch\/de\/wp-json\/wp\/v2\/comments?post=1128"}],"version-history":[{"count":295,"href":"https:\/\/www.im-graben.ch\/de\/wp-json\/wp\/v2\/pages\/1128\/revisions"}],"predecessor-version":[{"id":4028,"href":"https:\/\/www.im-graben.ch\/de\/wp-json\/wp\/v2\/pages\/1128\/revisions\/4028"}],"wp:featuredmedia":[{"embeddable":true,"href":"https:\/\/www.im-graben.ch\/de\/wp-json\/wp\/v2\/media\/3180"}],"wp:attachment":[{"href":"https:\/\/www.im-graben.ch\/de\/wp-json\/wp\/v2\/media?parent=1128"}],"curies":[{"name":"wp","href":"https:\/\/api.w.org\/{rel}","templated":true}]}}